{"id":71389,"date":"2023-12-30T22:39:46","date_gmt":"2023-12-30T21:39:46","guid":{"rendered":"https:\/\/budapestshooting.eu\/?page_id=71389"},"modified":"2024-02-22T15:30:02","modified_gmt":"2024-02-22T14:30:02","slug":"leadership-workshops","status":"publish","type":"page","link":"https:\/\/budapestshooting.eu\/en\/elmenyloveszet\/vezetoi-workshop\/","title":{"rendered":"Leadership workshop"},"content":{"rendered":"<p>[et_pb_section fb_built=&#8221;1&#8243; custom_padding_last_edited=&#8221;on|tablet&#8221; _builder_version=&#8221;4.23.1&#8243; _module_preset=&#8221;default&#8221; use_background_color_gradient=&#8221;on&#8221; background_color_gradient_stops=&#8221;#e03e22 0%|#832514 99%&#8221; background_image=&#8221;https:\/\/budapestshooting.eu\/wp-content\/uploads\/2023\/12\/business-1-1-1-3.png&#8221; background_position=&#8221;top_center&#8221; background_blend=&#8221;multiply&#8221; custom_padding=&#8221;100px||100px||true|false&#8221; custom_padding_tablet=&#8221;30px||40px||false|false&#8221; custom_padding_phone=&#8221;30px||26px||false|false&#8221; bottom_divider_style=&#8221;asymmetric3&#8243; bottom_divider_color=&#8221;#d1d2db&#8221; bottom_divider_height=&#8221;50px&#8221; animation_style=&#8221;fade&#8221; animation_duration=&#8221;400ms&#8221; animation_speed_curve=&#8221;ease&#8221; locked=&#8221;off&#8221; global_colors_info=&#8221;{}&#8221;][et_pb_row column_structure=&#8221;1_2,1_2&#8243; use_custom_gutter=&#8221;on&#8221; gutter_width=&#8221;2&#8243; make_equal=&#8221;on&#8221; _builder_version=&#8221;4.23.1&#8243; _module_preset=&#8221;default&#8221; background_enable_color=&#8221;off&#8221; max_width=&#8221;80%&#8221; custom_padding=&#8221;0px||0px||true|false&#8221; global_colors_info=&#8221;{}&#8221;][et_pb_column type=&#8221;1_2&#8243; _builder_version=&#8221;4.23.1&#8243; _module_preset=&#8221;default&#8221; custom_padding=&#8221;||||false|false&#8221; custom_padding_tablet=&#8221;30px||0vh|0vh|false|false&#8221; custom_padding_phone=&#8221;16px||0vh|0vh|false|false&#8221; custom_padding_last_edited=&#8221;off|desktop&#8221; animation_style=&#8221;fold&#8221; animation_direction=&#8221;right&#8221; animation_duration=&#8221;700ms&#8221; animation_delay=&#8221;750ms&#8221; animation_speed_curve=&#8221;ease&#8221; global_colors_info=&#8221;{}&#8221;][dipl_floating_image floating_container_height=&#8221;400px&#8221; floating_container_height_tablet=&#8221;400px&#8221; floating_container_height_phone=&#8221;250px&#8221; floating_container_height_last_edited=&#8221;on|phone&#8221; disabled_on=&#8221;off|off|on&#8221; _builder_version=&#8221;4.23.1&#8243; _module_preset=&#8221;default&#8221; border_radii=&#8221;on|3px|3px|3px|3px&#8221; global_colors_info=&#8221;{}&#8221;][dipl_floating_image_item image=&#8221;https:\/\/budapestshooting.eu\/wp-content\/uploads\/2023\/12\/Vezetoi-workshop-banner-min.png&#8221; _builder_version=&#8221;4.23.1&#8243; _module_preset=&#8221;default&#8221; global_colors_info=&#8221;{}&#8221;][\/dipl_floating_image_item][\/dipl_floating_image][et_pb_text _builder_version=&#8221;4.23.1&#8243; _module_preset=&#8221;default&#8221; header_font=&#8221;Hypothetical|500||on|||||&#8221; header_text_color=&#8221;#e3e4e8&#8243; header_font_size=&#8221;10vh&#8221; header_letter_spacing=&#8221;3.2px&#8221; custom_margin=&#8221;1vh||||false|false&#8221; custom_margin_tablet=&#8221;4px||||false|false&#8221; custom_margin_phone=&#8221;15px||||false|false&#8221; custom_margin_last_edited=&#8221;on|phone&#8221; header_text_align_tablet=&#8221;&#8221; header_text_align_phone=&#8221;center&#8221; header_text_align_last_edited=&#8221;on|tablet&#8221; header_font_size_tablet=&#8221;70px&#8221; header_font_size_phone=&#8221;42px&#8221; header_font_size_last_edited=&#8221;on|phone&#8221; global_colors_info=&#8221;{}&#8221;]<\/p>\n<h1>IGAZI<br \/><span style=\"color: #f96310;\">VEZET\u0150I<\/span><br \/>WORKSHOP<\/h1>\n<p>[\/et_pb_text][et_pb_button button_url=&#8221;https:\/\/booking.budapestshooting.eu\/&#8221; button_text=&#8221;FOGLAL\u00c1S&#8221; button_alignment=&#8221;left&#8221; button_alignment_tablet=&#8221;left&#8221; button_alignment_phone=&#8221;center&#8221; button_alignment_last_edited=&#8221;on|phone&#8221; _builder_version=&#8221;4.23.1&#8243; _module_preset=&#8221;default&#8221; custom_button=&#8221;on&#8221; button_text_size=&#8221;18px&#8221; button_text_color=&#8221;#FFFFFF&#8221; button_bg_use_color_gradient=&#8221;on&#8221; button_bg_color_gradient_direction=&#8221;-51deg&#8221; button_bg_color_gradient_stops=&#8221;#f96310 0%|#e03e22 100%&#8221; button_border_color=&#8221;RGBA(255,255,255,0)&#8221; button_border_radius=&#8221;0px&#8221; button_letter_spacing=&#8221;1px&#8221; button_font=&#8221;Roboto Condensed|600|||||||&#8221; button_icon=&#8221;&#xf274;||fa||400&#8243; custom_margin=&#8221;0px||0px||false|false&#8221; custom_margin_tablet=&#8221;0px|10px|0px||false|false&#8221; custom_margin_phone=&#8221;0px|0px|20px||false|false&#8221; custom_margin_last_edited=&#8221;on|phone&#8221; custom_padding=&#8221;12px|35px|12px|35px|true|true&#8221; animation_style=&#8221;slide&#8221; animation_direction=&#8221;bottom&#8221; animation_duration=&#8221;650ms&#8221; animation_delay=&#8221;600ms&#8221; animation_speed_curve=&#8221;ease&#8221; locked=&#8221;off&#8221; global_colors_info=&#8221;{}&#8221; button_bg_color__hover_enabled=&#8221;on|hover&#8221; button_bg_color_gradient_stops__hover=&#8221;#ffffff 0%|#ffffff 100%&#8221; button_bg_use_color_gradient__hover=&#8221;on&#8221; button_text_color__hover_enabled=&#8221;on|desktop&#8221; button_text_color__hover=&#8221;#ff5e14&#8243; button_letter_spacing__hover_enabled=&#8221;on|desktop&#8221; button_letter_spacing__hover=&#8221;0px&#8221;][\/et_pb_button][et_pb_code _builder_version=&#8221;4.19.5&#8243; _module_preset=&#8221;default&#8221; global_colors_info=&#8221;{}&#8221;]<\/p>\n<style>@media only screen and (min-width: 981px) {<!-- [et_pb_line_break_holder] -->    .et_pb_subscribe .et_pb_newsletter_fields > p { <!-- [et_pb_line_break_holder] -->        flex: auto !important;<!-- [et_pb_line_break_holder] -->    }<!-- [et_pb_line_break_holder] -->    .et_pb_subscribe .et_pb_newsletter_fields p.et_pb_newsletter_field {<!-- [et_pb_line_break_holder] -->        margin-right: 2%; <!-- [et_pb_line_break_holder] -->    }<!-- [et_pb_line_break_holder] -->}<\/style>\n<p>[\/et_pb_code][\/et_pb_column][et_pb_column type=&#8221;1_2&#8243; _builder_version=&#8221;4.23.1&#8243; _module_preset=&#8221;default&#8221; background_enable_image=&#8221;off&#8221; background_size=&#8221;contain&#8221; custom_padding=&#8221;||||false|false&#8221; animation_style=&#8221;fold&#8221; animation_direction=&#8221;left&#8221; animation_duration=&#8221;700ms&#8221; animation_delay=&#8221;500ms&#8221; animation_speed_curve=&#8221;ease&#8221; global_colors_info=&#8221;{}&#8221;][dipl_floating_image floating_container_height=&#8221;400px&#8221; floating_container_height_tablet=&#8221;400px&#8221; floating_container_height_phone=&#8221;250px&#8221; floating_container_height_last_edited=&#8221;on|phone&#8221; disabled_on=&#8221;on|on|off&#8221; _builder_version=&#8221;4.23.1&#8243; _module_preset=&#8221;default&#8221; border_radii=&#8221;on|3px|3px|3px|3px&#8221; global_colors_info=&#8221;{}&#8221;][dipl_floating_image_item image=&#8221;https:\/\/budapestshooting.eu\/wp-content\/uploads\/2023\/12\/Vezetoi-workshop-banner-min.png&#8221; _builder_version=&#8221;4.23.1&#8243; _module_preset=&#8221;default&#8221; global_colors_info=&#8221;{}&#8221;][\/dipl_floating_image_item][\/dipl_floating_image][\/et_pb_column][\/et_pb_row][\/et_pb_section][et_pb_section fb_built=&#8221;1&#8243; use_custom_gutter=&#8221;on&#8221; gutter_width=&#8221;2&#8243; custom_padding_last_edited=&#8221;on|phone&#8221; padding_top_1=&#8221;0px&#8221; padding_top_2=&#8221;0px&#8221; padding_bottom_1=&#8221;0px&#8221; padding_bottom_2=&#8221;0px&#8221; padding_top_bottom_link_1=&#8221;false&#8221; padding_top_bottom_link_2=&#8221;false&#8221; padding_left_right_link_1=&#8221;false&#8221; padding_left_right_link_2=&#8221;false&#8221; _builder_version=&#8221;4.23.1&#8243; _module_preset=&#8221;default&#8221; background_image=&#8221;https:\/\/budapestshooting.eu\/wp-content\/uploads\/2023\/12\/Group-26.png&#8221; custom_margin=&#8221;0px||0px||false|false&#8221; custom_padding=&#8221;||||true|false&#8221; custom_padding_tablet=&#8221;130px||100px||false|false&#8221; custom_padding_phone=&#8221;10px||0px||false|false&#8221; hover_enabled=&#8221;0&#8243; global_colors_info=&#8221;{}&#8221; sticky_enabled=&#8221;0&#8243;][et_pb_row _builder_version=&#8221;4.23.1&#8243; _module_preset=&#8221;default&#8221; global_colors_info=&#8221;{}&#8221;][et_pb_column type=&#8221;4_4&#8243; _builder_version=&#8221;4.23.1&#8243; _module_preset=&#8221;default&#8221; global_colors_info=&#8221;{}&#8221;][et_pb_text _builder_version=&#8221;4.23.1&#8243; _module_preset=&#8221;default&#8221; header_3_font=&#8221;Hypothetical|500|||||||&#8221; header_3_text_align=&#8221;center&#8221; header_3_text_color=&#8221;#F96310&#8243; header_3_font_size=&#8221;40px&#8221; header_3_letter_spacing=&#8221;3.2px&#8221; header_3_line_height=&#8221;1.1em&#8221; custom_margin=&#8221;-19px||||false|false&#8221; custom_padding=&#8221;0px||||false|false&#8221; header_3_font_size_tablet=&#8221;50px&#8221; header_3_font_size_phone=&#8221;32px&#8221; header_3_font_size_last_edited=&#8221;on|phone&#8221; global_colors_info=&#8221;{}&#8221;]<\/p>\n<h3>L\u00f6v\u00e9szet a vezet\u0151i skillek meger\u0151s\u00edt\u00e9s\u00e9hez<\/h3>\n<p>[\/et_pb_text][et_pb_text _builder_version=&#8221;4.23.1&#8243; _module_preset=&#8221;default&#8221; text_font=&#8221;Roboto Condensed||||||||&#8221; text_text_color=&#8221;#000000&#8243; text_font_size=&#8221;17px&#8221; text_line_height=&#8221;1.8em&#8221; text_orientation=&#8221;center&#8221; max_width=&#8221;800px&#8221; module_alignment=&#8221;center&#8221; custom_margin=&#8221;-25px||||false|false&#8221; custom_padding=&#8221;0px||||false|false&#8221; hover_enabled=&#8221;0&#8243; global_colors_info=&#8221;{}&#8221; text_orientation_last_edited=&#8221;on|phone&#8221; text_orientation_phone=&#8221;left&#8221; sticky_enabled=&#8221;0&#8243; text_orientation_tablet=&#8221;center&#8221;]<\/p>\n<p><span>Egy j\u00f3 vezet\u0151 c\u00e9ltudatos, egyben tartja a csapat\u00e1t, lehet r\u00e1 sz\u00e1m\u00edtani, \u00e9s persze magabiztos. Ezek r\u00e1ad\u00e1sul olyan, amelyekre ugyanakkor nem csup\u00e1n a magasrang\u00fa c\u00e9gvezet\u0151knek van sz\u00fcks\u00e9ge, de mindenkinek, aki t\u00f6bb ember munk\u00e1j\u00e1\u00e9rt felel\u0151s. Fontot tudni azonban, hogy minden vezet\u0151i k\u00e9pess\u00e9g tanulhat\u00f3 \u2013 \u00e9s persze a leghat\u00e9konyabb m\u00f3don olyan \u00f6sszej\u00f6vetelek keret\u00e9ben szerezhet\u0151k meg, ahol az eg\u00e9sz csapat egy\u00fctt van.<\/span><\/p>\n<p><span>Vezet\u0151i workshopjaink alkalm\u00e1val elhozhatod munkat\u00e1rsaidat, hogy k\u00f6nnyebben egym\u00e1sra hangol\u00f3djatok, \u00e9s j\u00e1t\u00e9kos, m\u00e9gis nagy odafigyel\u00e9st ig\u00e9nyl\u0151 k\u00f6rnyezetben fejlessz\u00e9tek k\u00e9pess\u00e9geiteket. \u00dagy \u00e9rzed, saj\u00e1t magadnak van sz\u00fcks\u00e9ged vezet\u0151i skilljeid csiszol\u00e1s\u00e1ra? Esetleg azt l\u00e1tod, hogy munkat\u00e1rsaid t\u00fal visszah\u00faz\u00f3d\u00f3ak, nem igaz\u00e1n proakt\u00edvak, vagy sz\u00fcks\u00e9g lenne r\u00e1, hogy jobban c\u00e9lba tal\u00e1ljanak elk\u00e9pzel\u00e9seikkel? Akkor \u00e9lm\u00e9nyl\u00f6v\u00e9szeti programunkon a helyetek!<\/span><\/p>\n<p>[\/et_pb_text][et_pb_button button_url=&#8221;https:\/\/booking.budapestshooting.eu\/&#8221; button_text=&#8221;FOGLAL\u00c1S&#8221; button_alignment=&#8221;center&#8221; _builder_version=&#8221;4.23.1&#8243; _module_preset=&#8221;default&#8221; custom_button=&#8221;on&#8221; button_text_size=&#8221;18px&#8221; button_text_color=&#8221;#FFFFFF&#8221; button_bg_use_color_gradient=&#8221;on&#8221; button_bg_color_gradient_direction=&#8221;-51deg&#8221; button_bg_color_gradient_stops=&#8221;#f96310 0%|#e03e22 100%&#8221; button_border_color=&#8221;RGBA(255,255,255,0)&#8221; button_border_radius=&#8221;0px&#8221; button_letter_spacing=&#8221;1px&#8221; button_font=&#8221;Roboto Condensed|600|||||||&#8221; button_icon=&#8221;&#xf274;||fa||400&#8243; custom_margin=&#8221;0px||0px||false|false&#8221; custom_margin_tablet=&#8221;0px|10px|0px||false|false&#8221; custom_margin_phone=&#8221;0px|0px|20px||false|false&#8221; custom_margin_last_edited=&#8221;on|phone&#8221; custom_padding=&#8221;12px|35px|12px|35px|true|true&#8221; animation_style=&#8221;slide&#8221; animation_direction=&#8221;bottom&#8221; animation_duration=&#8221;650ms&#8221; animation_delay=&#8221;600ms&#8221; animation_speed_curve=&#8221;ease&#8221; locked=&#8221;off&#8221; global_colors_info=&#8221;{}&#8221; button_bg_color__hover_enabled=&#8221;on|hover&#8221; button_bg_color_gradient_stops__hover=&#8221;#ffffff 0%|#ffffff 100%&#8221; button_bg_use_color_gradient__hover=&#8221;on&#8221; button_text_color__hover_enabled=&#8221;on|desktop&#8221; button_text_color__hover=&#8221;#ff5e14&#8243; button_letter_spacing__hover_enabled=&#8221;on|desktop&#8221; button_letter_spacing__hover=&#8221;0px&#8221;][\/et_pb_button][\/et_pb_column][\/et_pb_row][\/et_pb_section][et_pb_section fb_built=&#8221;1&#8243; use_custom_gutter=&#8221;on&#8221; gutter_width=&#8221;2&#8243; specialty=&#8221;on&#8221; custom_padding_last_edited=&#8221;on|phone&#8221; padding_top_1=&#8221;0px&#8221; padding_top_2=&#8221;0px&#8221; padding_bottom_1=&#8221;0px&#8221; padding_bottom_2=&#8221;0px&#8221; padding_top_bottom_link_1=&#8221;false&#8221; padding_top_bottom_link_2=&#8221;false&#8221; padding_left_right_link_1=&#8221;false&#8221; padding_left_right_link_2=&#8221;false&#8221; _builder_version=&#8221;4.23.1&#8243; _module_preset=&#8221;default&#8221; background_image=&#8221;https:\/\/budapestshooting.eu\/wp-content\/uploads\/2023\/12\/Group-26.png&#8221; background_enable_mask_style=&#8221;on&#8221; background_mask_style=&#8221;paint&#8221; background_mask_color=&#8221;#E03E22&#8243; background_mask_transform=&#8221;flip_horizontal&#8221; inner_width=&#8221;90%&#8221; inner_max_width=&#8221;1200px&#8221; custom_margin=&#8221;0px||0px||false|false&#8221; custom_padding=&#8221;120px||120px||false|false&#8221; custom_padding_tablet=&#8221;0px||100px||false|false&#8221; custom_padding_phone=&#8221;||80px||false|false&#8221; background_color_tablet=&#8221;#e03e22&#8243; background_last_edited=&#8221;on|desktop&#8221; background_enable_color_tablet=&#8221;on&#8221; background_enable_image_tablet=&#8221;off&#8221; background_enable_mask_style_tablet=&#8221;off&#8221; locked=&#8221;off&#8221; global_colors_info=&#8221;{}&#8221;][et_pb_column type=&#8221;1_2&#8243; _builder_version=&#8221;4.16&#8243; custom_padding=&#8221;|||&#8221; global_colors_info=&#8221;{}&#8221; custom_padding__hover=&#8221;|||&#8221;][dipl_floating_image floating_container_height=&#8221;400px&#8221; floating_container_height_tablet=&#8221;400px&#8221; floating_container_height_phone=&#8221;250px&#8221; floating_container_height_last_edited=&#8221;on|phone&#8221; _builder_version=&#8221;4.23.1&#8243; _module_preset=&#8221;default&#8221; global_colors_info=&#8221;{}&#8221;][dipl_floating_image_item image=&#8221;https:\/\/budapestshooting.eu\/wp-content\/uploads\/2023\/12\/06_VEZETOI_WORKSHOP_Elmenyloveszeti_workshop_csoportoknak-1.jpg&#8221; vertical_align=&#8221;9%&#8221; vertical_align_tablet=&#8221;9%&#8221; vertical_align_phone=&#8221;9%&#8221; vertical_align_last_edited=&#8221;on|phone&#8221; _builder_version=&#8221;4.23.1&#8243; _module_preset=&#8221;default&#8221; border_radii=&#8221;on|3px|3px|3px|3px&#8221; global_colors_info=&#8221;{}&#8221;][\/dipl_floating_image_item][\/dipl_floating_image][\/et_pb_column][et_pb_column type=&#8221;1_2&#8243; specialty_columns=&#8221;2&#8243; _builder_version=&#8221;4.16&#8243; custom_padding=&#8221;|||&#8221; global_colors_info=&#8221;{}&#8221; custom_padding__hover=&#8221;|||&#8221;][et_pb_row_inner custom_padding_last_edited=&#8221;on|tablet&#8221; _builder_version=&#8221;4.16.1&#8243; _module_preset=&#8221;default&#8221; custom_margin=&#8221;0px||0px||false|false&#8221; custom_padding=&#8221;0px||0px||false|false&#8221; custom_padding_tablet=&#8221;50px||0px||false|false&#8221; custom_padding_phone=&#8221;50px||0px||false|false&#8221; global_colors_info=&#8221;{}&#8221;][et_pb_column_inner saved_specialty_column_type=&#8221;1_2&#8243; _builder_version=&#8221;4.16.1&#8243; _module_preset=&#8221;default&#8221; global_colors_info=&#8221;{}&#8221;][et_pb_text _builder_version=&#8221;4.23.1&#8243; _module_preset=&#8221;default&#8221; header_3_font=&#8221;Hypothetical|500|||||||&#8221; header_3_text_align=&#8221;left&#8221; header_3_text_color=&#8221;#FFFFFF&#8221; header_3_font_size=&#8221;40px&#8221; header_3_letter_spacing=&#8221;3.2px&#8221; header_3_line_height=&#8221;1.1em&#8221; custom_margin=&#8221;||13px||false|false&#8221; custom_padding=&#8221;0px||||false|false&#8221; header_3_font_size_tablet=&#8221;50px&#8221; header_3_font_size_phone=&#8221;32px&#8221; header_3_font_size_last_edited=&#8221;on|phone&#8221; global_colors_info=&#8221;{}&#8221;]<\/p>\n<h3>\u00c9lm\u00e9nyl\u00f6v\u00e9szeti workshop csoportoknak<\/h3>\n<p>[\/et_pb_text][et_pb_blurb image=&#8221;https:\/\/budapestshooting.eu\/wp-content\/uploads\/2023\/12\/gun-1.png&#8221; icon_placement=&#8221;left&#8221; _builder_version=&#8221;4.23.1&#8243; _module_preset=&#8221;default&#8221; body_font=&#8221;Roboto Condensed||||||||&#8221; body_text_color=&#8221;#FFFFFF&#8221; body_font_size=&#8221;17px&#8221; image_icon_custom_padding=&#8221;4px||||false|false&#8221; global_colors_info=&#8221;{}&#8221;]<\/p>\n<p><span>Legyen sz\u00f3 kisebb vagy nagyobb csapatokr\u00f3l, vezet\u0151i workshopokra tervezett l\u00f6v\u00e9szeti programunk keret\u00e9ben csiszolhatj\u00e1tok az egym\u00e1s k\u00f6z\u00f6tti kommunik\u00e1ci\u00f3t, jav\u00edthatj\u00e1tok a csapatmunk\u00e1t, illetve meger\u0151s\u00edthetitek az egym\u00e1sba vetett bizalmat. Aj\u00e1nljatok egym\u00e1snak fegyvereket, vagy tesztelj\u00e9tek egym\u00e1s k\u00e9pess\u00e9geit p\u00e1ros l\u00f6v\u00e9szeti programunkon \u2013 higgy\u00e9tek el, a nap v\u00e9g\u00e9re egy sokkal jobban fogtok hallgatni egym\u00e1sra!<\/span><\/p>\n<p>[\/et_pb_blurb][et_pb_blurb image=&#8221;https:\/\/budapestshooting.eu\/wp-content\/uploads\/2023\/12\/gun-1.png&#8221; icon_placement=&#8221;left&#8221; _builder_version=&#8221;4.23.1&#8243; _module_preset=&#8221;default&#8221; body_font=&#8221;Roboto Condensed||||||||&#8221; body_text_color=&#8221;#FFFFFF&#8221; body_font_size=&#8221;17px&#8221; image_icon_custom_padding=&#8221;4px||||false|false&#8221; custom_margin=&#8221;-15px||||false|false&#8221; global_colors_info=&#8221;{}&#8221;]<\/p>\n<p><span>Ne agg\u00f3djatok, nem lesztek magatokra hagyva, hiszen a l\u00f6v\u00e9szetvezet\u0151ink mindig ott lesznek veletek, seg\u00edtenek bemutatni az egyes fegyvert\u00edpusok m\u0171k\u00f6d\u00e9s\u00e9t, \u00e9s minden pillanatban \u00fcgyelnek majd a biztons\u00e1gotokra.<\/span><\/p>\n<p>[\/et_pb_blurb][\/et_pb_column_inner][\/et_pb_row_inner][\/et_pb_column][\/et_pb_section][et_pb_section fb_built=&#8221;1&#8243; use_custom_gutter=&#8221;on&#8221; gutter_width=&#8221;2&#8243; padding_top_1=&#8221;0px&#8221; padding_top_2=&#8221;0px&#8221; padding_bottom_1=&#8221;0px&#8221; padding_bottom_2=&#8221;0px&#8221; padding_top_bottom_link_1=&#8221;false&#8221; padding_top_bottom_link_2=&#8221;false&#8221; padding_left_right_link_1=&#8221;false&#8221; padding_left_right_link_2=&#8221;false&#8221; _builder_version=&#8221;4.23.1&#8243; _module_preset=&#8221;default&#8221; background_color=&#8221;#0d0e1b&#8221; background_enable_image=&#8221;off&#8221; custom_margin=&#8221;0px||0px||false|false&#8221; custom_padding=&#8221;||||true|false&#8221; top_divider_style=&#8221;asymmetric3&#8243; top_divider_color=&#8221;#E03E22&#8243; top_divider_flip=&#8221;vertical&#8221; top_divider_arrangement=&#8221;above_content&#8221; locked=&#8221;off&#8221; global_colors_info=&#8221;{}&#8221;][et_pb_row _builder_version=&#8221;4.23.1&#8243; _module_preset=&#8221;default&#8221; global_colors_info=&#8221;{}&#8221;][et_pb_column type=&#8221;4_4&#8243; _builder_version=&#8221;4.23.1&#8243; _module_preset=&#8221;default&#8221; global_colors_info=&#8221;{}&#8221;][et_pb_text _builder_version=&#8221;4.23.1&#8243; _module_preset=&#8221;default&#8221; header_3_font=&#8221;Hypothetical|500|||||||&#8221; header_3_text_align=&#8221;center&#8221; header_3_text_color=&#8221;#F96310&#8243; header_3_font_size=&#8221;40px&#8221; header_3_letter_spacing=&#8221;3.2px&#8221; header_3_line_height=&#8221;1.1em&#8221; custom_margin=&#8221;-19px||||false|false&#8221; custom_padding=&#8221;0px||||false|false&#8221; header_3_font_size_tablet=&#8221;50px&#8221; header_3_font_size_phone=&#8221;32px&#8221; header_3_font_size_last_edited=&#8221;on|phone&#8221; global_colors_info=&#8221;{}&#8221;]<\/p>\n<h3>T\u00e9ged is \u00e9rdekel az \u00e9lm\u00e9nyl\u00f6v\u00e9szet?<\/h3>\n<p>[\/et_pb_text][et_pb_text _builder_version=&#8221;4.23.1&#8243; _module_preset=&#8221;default&#8221; text_font=&#8221;Roboto Condensed||||||||&#8221; text_text_color=&#8221;#FFFFFF&#8221; text_font_size=&#8221;17px&#8221; text_line_height=&#8221;1.8em&#8221; text_orientation=&#8221;center&#8221; module_alignment=&#8221;center&#8221; custom_margin=&#8221;-25px||||false|false&#8221; custom_padding=&#8221;0px||||false|false&#8221; global_colors_info=&#8221;{}&#8221;]<\/p>\n<p><span>Most l\u0151n\u00e9tek el\u0151sz\u00f6r vagy profik is vannak a csapatban? Egyik sem h\u00e1tr\u00e1ny \u2013 foglalj id\u0151pontot most!<\/span><\/p>\n<p>[\/et_pb_text][\/et_pb_column][\/et_pb_row][et_pb_row _builder_version=&#8221;4.23.1&#8243; _module_preset=&#8221;default&#8221; custom_padding=&#8221;1px||||false|false&#8221; locked=&#8221;off&#8221; global_colors_info=&#8221;{}&#8221;][et_pb_column type=&#8221;4_4&#8243; _builder_version=&#8221;4.23.1&#8243; _module_preset=&#8221;default&#8221; global_colors_info=&#8221;{}&#8221;][dnxte_dual_button button_text_one=&#8221;Foglal\u00e1s&#8221; button_link_one=&#8221;https:\/\/booking.budapestshooting.eu\/&#8221; button_text_two=&#8221;Csomagok&#8221; button_link_two=&#8221;@ET-DC@eyJkeW5hbWljIjp0cnVlLCJjb250ZW50IjoicG9zdF9saW5rX3VybF9wYWdlIiwic2V0dGluZ3MiOnsicG9zdF9pZCI6IjQ4NyJ9fQ==@&#8221; dnxt_dual_button_alignment=&#8221;center&#8221; btn_one_icon=&#8221;&#xf274;||fa||400&#8243; btn_one_icon_color=&#8221;#FFFFFF&#8221; btn_two_icon=&#8221;&#xf0ae;||fa||900&#8243; btn_two_icon_color=&#8221;#FFFFFF&#8221; btn_one_show_hide=&#8221;on&#8221; button_bg_one=&#8221;#E03E22&#8243; button_one_margin=&#8221;0px|10px|||false|false&#8221; button_one_padding=&#8221;4px|25px|4px|25px|true|true&#8221; button_two_padding=&#8221;4px|25px|4px|25px|true|true&#8221; _builder_version=&#8221;4.23.1&#8243; _dynamic_attributes=&#8221;button_link_two&#8221; _module_preset=&#8221;default&#8221; btn_one_fonts_font=&#8221;Roboto Condensed|||on|||||&#8221; btn_one_fonts_text_color=&#8221;#FFFFFF&#8221; btn_one_fonts_font_size=&#8221;18px&#8221; btn_two_fonts_font=&#8221;Roboto Condensed|||on|||||&#8221; btn_two_fonts_text_color=&#8221;#FFFFFF&#8221; btn_two_fonts_font_size=&#8221;18px&#8221; locked=&#8221;off&#8221; global_colors_info=&#8221;{}&#8221;][\/dnxte_dual_button][\/et_pb_column][\/et_pb_row][\/et_pb_section]<\/p>\n","protected":false},"excerpt":{"rendered":"<p><div class=\"et_pb_module dipl_floating_image dipl_floating_image_0\">\n\t\t\t\t\n\t\t\t\t\n\t\t\t\t\n\t\t\t\t\n\t\t\t\t\n\t\t\t\t\n\t\t\t\t<div class=\"et_pb_module_inner\">\n\t\t\t\t\t<div class=\"dipl_floating_images_wrapper\"><div class=\"et_pb_module dipl_floating_image_item dipl_floating_image_item_0\">\n\t\t\t\t\n\t\t\t\t\n\t\t\t\t\n\t\t\t\t\n\t\t\t\t\n\t\t\t\t\n\t\t\t\t<div class=\"et_pb_module_inner\">\n\t\t\t\t\t<img decoding=\"async\" src=\"https:\/\/budapestshooting.eu\/wp-content\/uploads\/2023\/12\/Vezetoi-workshop-banner-min.png\" alt=\"\" srcset=\"https:\/\/budapestshooting.eu\/wp-content\/uploads\/2023\/12\/Vezetoi-workshop-banner-min.png 1920w, https:\/\/budapestshooting.eu\/wp-content\/uploads\/2023\/12\/Vezetoi-workshop-banner-min-1280x857.png 1280w, https:\/\/budapestshooting.eu\/wp-content\/uploads\/2023\/12\/Vezetoi-workshop-banner-min-980x656.png 980w, https:\/\/budapestshooting.eu\/wp-content\/uploads\/2023\/12\/Vezetoi-workshop-banner-min-480x322.png 480w\" sizes=\"(min-width: 0px) and (max-width: 480px) 480px, (min-width: 481px) and (max-width: 980px) 980px, (min-width: 981px) and (max-width: 1280px) 1280px, (min-width: 1281px) 1920px, 100vw\" \/>\n\t\t\t\t<\/div>\n\t\t\t<\/div><\/div>\n\t\t\t\t<\/div>\n\t\t\t<\/div>IGAZIVEZET\u0150IWORKSHOP<div class=\"et_pb_module dipl_floating_image dipl_floating_image_1\">\n\t\t\t\t\n\t\t\t\t\n\t\t\t\t\n\t\t\t\t\n\t\t\t\t\n\t\t\t\t\n\t\t\t\t<div class=\"et_pb_module_inner\">\n\t\t\t\t\t<div class=\"dipl_floating_images_wrapper\"><div class=\"et_pb_module dipl_floating_image_item dipl_floating_image_item_1\">\n\t\t\t\t\n\t\t\t\t\n\t\t\t\t\n\t\t\t\t\n\t\t\t\t\n\t\t\t\t\n\t\t\t\t<div class=\"et_pb_module_inner\">\n\t\t\t\t\t<img decoding=\"async\" src=\"https:\/\/budapestshooting.eu\/wp-content\/uploads\/2023\/12\/Vezetoi-workshop-banner-min.png\" alt=\"\" srcset=\"https:\/\/budapestshooting.eu\/wp-content\/uploads\/2023\/12\/Vezetoi-workshop-banner-min.png 1920w, https:\/\/budapestshooting.eu\/wp-content\/uploads\/2023\/12\/Vezetoi-workshop-banner-min-1280x857.png 1280w, https:\/\/budapestshooting.eu\/wp-content\/uploads\/2023\/12\/Vezetoi-workshop-banner-min-980x656.png 980w, https:\/\/budapestshooting.eu\/wp-content\/uploads\/2023\/12\/Vezetoi-workshop-banner-min-480x322.png 480w\" sizes=\"(min-width: 0px) and (max-width: 480px) 480px, (min-width: 481px) and (max-width: 980px) 980px, (min-width: 981px) and (max-width: 1280px) 1280px, (min-width: 1281px) 1920px, 100vw\" \/>\n\t\t\t\t<\/div>\n\t\t\t<\/div><\/div>\n\t\t\t\t<\/div>\n\t\t\t<\/div>L\u00f6v\u00e9szet a vezet\u0151i skillek meger\u0151s\u00edt\u00e9s\u00e9hezEgy j\u00f3 vezet\u0151 c\u00e9ltudatos, egyben tartja a csapat\u00e1t, lehet r\u00e1 sz\u00e1m\u00edtani, \u00e9s persze magabiztos. Ezek r\u00e1ad\u00e1sul olyan, amelyekre ugyanakkor nem csup\u00e1n a magasrang\u00fa c\u00e9gvezet\u0151knek van [&hellip;]<\/p>\n","protected":false},"author":1,"featured_media":0,"parent":485,"menu_order":0,"comment_status":"closed","ping_status":"closed","template":"","meta":{"_acf_changed":false,"_et_pb_use_builder":"on","_et_pb_old_content":"","_et_gb_content_width":"","footnotes":""},"class_list":["post-71389","page","type-page","status-publish","hentry"],"acf":[],"_links":{"self":[{"href":"https:\/\/budapestshooting.eu\/en\/wp-json\/wp\/v2\/pages\/71389","targetHints":{"allow":["GET"]}}],"collection":[{"href":"https:\/\/budapestshooting.eu\/en\/wp-json\/wp\/v2\/pages"}],"about":[{"href":"https:\/\/budapestshooting.eu\/en\/wp-json\/wp\/v2\/types\/page"}],"author":[{"embeddable":true,"href":"https:\/\/budapestshooting.eu\/en\/wp-json\/wp\/v2\/users\/1"}],"replies":[{"embeddable":true,"href":"https:\/\/budapestshooting.eu\/en\/wp-json\/wp\/v2\/comments?post=71389"}],"version-history":[{"count":10,"href":"https:\/\/budapestshooting.eu\/en\/wp-json\/wp\/v2\/pages\/71389\/revisions"}],"predecessor-version":[{"id":73806,"href":"https:\/\/budapestshooting.eu\/en\/wp-json\/wp\/v2\/pages\/71389\/revisions\/73806"}],"up":[{"embeddable":true,"href":"https:\/\/budapestshooting.eu\/en\/wp-json\/wp\/v2\/pages\/485"}],"wp:attachment":[{"href":"https:\/\/budapestshooting.eu\/en\/wp-json\/wp\/v2\/media?parent=71389"}],"curies":[{"name":"wp","href":"https:\/\/api.w.org\/{rel}","templated":true}]}}