{"id":71679,"date":"2024-01-03T14:27:30","date_gmt":"2024-01-03T13:27:30","guid":{"rendered":"https:\/\/budapestshooting.eu\/?page_id=71679"},"modified":"2026-01-16T16:54:39","modified_gmt":"2026-01-16T15:54:39","slug":"contact","status":"publish","type":"page","link":"https:\/\/budapestshooting.eu\/en\/kapcsolat\/","title":{"rendered":"Contact"},"content":{"rendered":"<p>[et_pb_section fb_built=&#8221;1&#8243; _builder_version=&#8221;4.23.1&#8243; _module_preset=&#8221;default&#8221; background_color=&#8221;#090a14&#8243; background_image=&#8221;https:\/\/budapestshooting.eu\/wp-content\/uploads\/2024\/01\/Kapcsolat-banner-copy-2.webp&#8221; global_colors_info=&#8221;{}&#8221;][et_pb_row _builder_version=&#8221;4.23.1&#8243; _module_preset=&#8221;default&#8221; global_colors_info=&#8221;{}&#8221;][et_pb_column type=&#8221;4_4&#8243; _builder_version=&#8221;4.23.1&#8243; _module_preset=&#8221;default&#8221; global_colors_info=&#8221;{}&#8221;][dipl_double_color_heading heading_main_part=&#8221;Kapcsolat&#8221; display_in_stack=&#8221;on&#8221; _builder_version=&#8221;4.23.1&#8243; _module_preset=&#8221;default&#8221; global_heading_settings_level=&#8221;h1&#8243; global_heading_settings_text_align=&#8221;center&#8221; pre_header_font=&#8221;Hypothetical|500||on|||||&#8221; pre_header_text_color=&#8221;#ffffff&#8221; pre_header_font_size=&#8221;39px&#8221; main_header_font=&#8221;Hypothetical|500||on|||||&#8221; main_header_text_color=&#8221;#FFFFFF&#8221; main_header_font_size=&#8221;78px&#8221; main_header_letter_spacing=&#8221;3.4px&#8221; main_header_font_size_tablet=&#8221;78px&#8221; main_header_font_size_phone=&#8221;46px&#8221; main_header_font_size_last_edited=&#8221;on|phone&#8221; global_colors_info=&#8221;{}&#8221;][\/dipl_double_color_heading][\/et_pb_column][\/et_pb_row][\/et_pb_section][et_pb_section fb_built=&#8221;1&#8243; _builder_version=&#8221;4.23.1&#8243; _module_preset=&#8221;default&#8221; background_color=&#8221;#0d0e1b&#8221; global_colors_info=&#8221;{}&#8221;][et_pb_row column_structure=&#8221;1_3,1_3,1_3&#8243; _builder_version=&#8221;4.23.1&#8243; _module_preset=&#8221;default&#8221; global_colors_info=&#8221;{}&#8221;][et_pb_column type=&#8221;1_3&#8243; _builder_version=&#8221;4.23.1&#8243; _module_preset=&#8221;default&#8221; global_colors_info=&#8221;{}&#8221;][et_pb_blurb title=&#8221;Telefon&#8221; image_icon_width=&#8221;54px&#8221; _builder_version=&#8221;4.27.5&#8243; _module_preset=&#8221;default&#8221; header_level=&#8221;h2&#8243; header_font=&#8221;Oswald|||on|||||&#8221; header_text_align=&#8221;left&#8221; header_text_color=&#8221;#ff7a21&#8243; body_font=&#8221;Roboto Condensed||||||||&#8221; body_text_color=&#8221;#FFFFFF&#8221; body_font_size=&#8221;16px&#8221; body_line_height=&#8221;1.6em&#8221; body_link_font=&#8221;Roboto Condensed||||||||&#8221; body_link_text_color=&#8221;#FFFFFF&#8221; hover_enabled=&#8221;0&#8243; global_colors_info=&#8221;{}&#8221; sticky_enabled=&#8221;0&#8243;]<\/p>\n<p><a href=\"tel:+36307123259\">+36 30 712 32 59<\/a><br \/><em>H-CS: 12:30 \u2013 20.00<br \/>P-V: 10:00 \u2013 20:00<\/em><span><\/span><\/p>\n<p>[\/et_pb_blurb][\/et_pb_column][et_pb_column type=&#8221;1_3&#8243; _builder_version=&#8221;4.23.1&#8243; _module_preset=&#8221;default&#8221; global_colors_info=&#8221;{}&#8221;][et_pb_blurb title=&#8221;Email&#8221; image_icon_width=&#8221;54px&#8221; _builder_version=&#8221;4.23.1&#8243; _module_preset=&#8221;default&#8221; header_level=&#8221;h2&#8243; header_font=&#8221;Oswald|||on|||||&#8221; header_text_align=&#8221;left&#8221; header_text_color=&#8221;#ff7a21&#8243; body_font=&#8221;Roboto Condensed||||||||&#8221; body_text_color=&#8221;#FFFFFF&#8221; body_font_size=&#8221;16px&#8221; body_line_height=&#8221;1.6em&#8221; body_link_font=&#8221;Roboto Condensed||||||||&#8221; body_link_text_color=&#8221;#FFFFFF&#8221; locked=&#8221;off&#8221; global_colors_info=&#8221;{}&#8221;]<\/p>\n<p><a href=\"mailto:info@budapestshooting.eu\">info@budapestshooting.eu<\/a><\/p>\n<p>[\/et_pb_blurb][\/et_pb_column][et_pb_column type=&#8221;1_3&#8243; _builder_version=&#8221;4.23.1&#8243; _module_preset=&#8221;default&#8221; global_colors_info=&#8221;{}&#8221;][et_pb_blurb title=&#8221;Iroda&#8221; image_icon_width=&#8221;54px&#8221; _builder_version=&#8221;4.23.1&#8243; _module_preset=&#8221;default&#8221; header_level=&#8221;h2&#8243; header_font=&#8221;Oswald|||on|||||&#8221; header_text_align=&#8221;left&#8221; header_text_color=&#8221;#ff7a21&#8243; body_font=&#8221;Roboto Condensed||||||||&#8221; body_text_color=&#8221;#FFFFFF&#8221; body_font_size=&#8221;16px&#8221; body_line_height=&#8221;1.6em&#8221; body_link_font=&#8221;Roboto Condensed||||||||&#8221; body_link_text_color=&#8221;#FFFFFF&#8221; locked=&#8221;off&#8221; global_colors_info=&#8221;{}&#8221;]1065 Budapest Nagymez\u0151 u. 37-39[\/et_pb_blurb][\/et_pb_column][\/et_pb_row][\/et_pb_section][et_pb_section fb_built=&#8221;1&#8243; _builder_version=&#8221;4.23.1&#8243; _module_preset=&#8221;default&#8221; background_color=&#8221;#090a14&#8243; global_colors_info=&#8221;{}&#8221;][et_pb_row column_structure=&#8221;1_2,1_2&#8243; _builder_version=&#8221;4.23.1&#8243; _module_preset=&#8221;default&#8221; global_colors_info=&#8221;{}&#8221;][et_pb_column type=&#8221;1_2&#8243; _builder_version=&#8221;4.23.1&#8243; _module_preset=&#8221;default&#8221; global_colors_info=&#8221;{}&#8221;][et_pb_blurb title=&#8221;L\u00f6v\u00e9szet fedett l\u0151t\u00e9ren&#8221; image_icon_width=&#8221;54px&#8221; content_max_width=&#8221;100%&#8221; _builder_version=&#8221;4.25.0&#8243; _module_preset=&#8221;default&#8221; header_level=&#8221;h2&#8243; header_font=&#8221;Oswald||||||||&#8221; header_text_color=&#8221;#ff7a21&#8243; body_font=&#8221;Roboto Condensed||||||||&#8221; body_text_color=&#8221;#FFFFFF&#8221; body_font_size=&#8221;16px&#8221; body_line_height=&#8221;1.6em&#8221; global_colors_info=&#8221;{}&#8221;]Itt minden sz\u00fcks\u00e9ges \u00e9s aktu\u00e1lis inform\u00e1ci\u00f3t megtal\u00e1lsz r\u00f3lunk.<br \/>\n<strong>C\u00e9gn\u00e9v:<\/strong> Reload Shooting Korl\u00e1tolt Felel\u0151ss\u00e9g\u0171 T\u00e1rsas\u00e1g<br \/>\n<strong>Enged\u00e9lysz\u00e1m:<\/strong> 01000-821\/55529-24\/2018.F<br \/>\n<strong>Telephely: <\/strong><span >1065 Budapest, nagymez\u0151 utca 37-39. fsz. 9. ajt\u00f3<\/span><br \/>\n<strong>C\u00e9gjegyz\u00e9k sz\u00e1m:<\/strong> <span>01-09-423799<\/span><br \/>\n<strong>Ad\u00f3sz\u00e1m:<\/strong> <span >25802885-2-42<\/span><br \/>\n<strong>Bank HUF:<\/strong> <span>MBH Bank Nyrt. 50464018-10006698<\/span><br \/>\n<strong>Bank EUR<\/strong>: <span>MBH Bank Nyrt. 50464018-10006708<\/span><br \/>\n<strong>L\u0151t\u00e9r, iroda, levelez\u00e9s:<\/strong> 1065 Budapest Nagymez\u0151 u. 37-39<br \/>\n<strong>Telefon:<\/strong> +36 30 712 32 59<\/p>\n<p><strong>Email c\u00edm:<\/strong> info@budapestshooting.eu<\/p>\n<p><strong>Felel\u0151s tiszts\u00e9gvisel\u0151:<\/strong> G\u00e1l Tibor<br \/>\ntibor.gal@budapestshooting.eu[\/et_pb_blurb][\/et_pb_column][et_pb_column type=&#8221;1_2&#8243; _builder_version=&#8221;4.23.1&#8243; _module_preset=&#8221;default&#8221; global_colors_info=&#8221;{}&#8221;][et_pb_contact_form email=&#8221;info@budapestshooting.eu&#8221; title=&#8221;\u00cdrj nek\u00fcnk&#8221; custom_message=&#8221;Name: %%Name%%||et_pb_line_break_holder||Email: %%Email%%||et_pb_line_break_holder||Message: %%Message%%&#8221; success_message=&#8221;K\u00f6sz\u00f6nj\u00fck a megkeres\u00e9st! Koll\u00e9g\u00e1nk hamarosan felveszi veled a kapcsolatot.&#8221; _builder_version=&#8221;4.25.1&#8243; _module_preset=&#8221;default&#8221; _unique_id=&#8221;f4069539-afd8-473c-86c7-af751dc5fca0&#8243; title_level=&#8221;h2&#8243; title_font=&#8221;Roboto Condensed|700|||||||&#8221; title_text_color=&#8221;#F96310&#8243; captcha_text_color=&#8221;#FFFFFF&#8221; custom_button=&#8221;on&#8221; button_text_size=&#8221;18px&#8221; button_text_color=&#8221;#FFFFFF&#8221; button_bg_color=&#8221;#F96310&#8243; button_border_width=&#8221;0px&#8221; button_border_radius=&#8221;0px&#8221; button_font=&#8221;Roboto Condensed|700||on|||||&#8221; custom_css_free_form=&#8221;.et_pb_contact_field_checkbox label{||  color: white !important;||}&#8221; global_colors_info=&#8221;{}&#8221;][et_pb_contact_field field_id=&#8221;Name&#8221; field_title=&#8221;N\u00e9v&#8221; _builder_version=&#8221;4.24.2&#8243; global_colors_info=&#8221;{}&#8221; button_text_size__hover_enabled=&#8221;off&#8221; button_one_text_size__hover_enabled=&#8221;off&#8221; button_two_text_size__hover_enabled=&#8221;off&#8221; button_text_color__hover_enabled=&#8221;off&#8221; button_one_text_color__hover_enabled=&#8221;off&#8221; button_two_text_color__hover_enabled=&#8221;off&#8221; button_border_width__hover_enabled=&#8221;off&#8221; button_one_border_width__hover_enabled=&#8221;off&#8221; button_two_border_width__hover_enabled=&#8221;off&#8221; button_border_color__hover_enabled=&#8221;off&#8221; button_one_border_color__hover_enabled=&#8221;off&#8221; button_two_border_color__hover_enabled=&#8221;off&#8221; button_border_radius__hover_enabled=&#8221;off&#8221; button_one_border_radius__hover_enabled=&#8221;off&#8221; button_two_border_radius__hover_enabled=&#8221;off&#8221; button_letter_spacing__hover_enabled=&#8221;off&#8221; button_one_letter_spacing__hover_enabled=&#8221;off&#8221; button_two_letter_spacing__hover_enabled=&#8221;off&#8221; button_bg_color__hover_enabled=&#8221;off&#8221; button_one_bg_color__hover_enabled=&#8221;off&#8221; button_two_bg_color__hover_enabled=&#8221;off&#8221;][\/et_pb_contact_field][et_pb_contact_field field_id=&#8221;Email&#8221; field_title=&#8221;Email c\u00edm&#8221; field_type=&#8221;email&#8221; _builder_version=&#8221;4.16&#8243; global_colors_info=&#8221;{}&#8221; button_text_size__hover_enabled=&#8221;off&#8221; button_one_text_size__hover_enabled=&#8221;off&#8221; button_two_text_size__hover_enabled=&#8221;off&#8221; button_text_color__hover_enabled=&#8221;off&#8221; button_one_text_color__hover_enabled=&#8221;off&#8221; button_two_text_color__hover_enabled=&#8221;off&#8221; button_border_width__hover_enabled=&#8221;off&#8221; button_one_border_width__hover_enabled=&#8221;off&#8221; button_two_border_width__hover_enabled=&#8221;off&#8221; button_border_color__hover_enabled=&#8221;off&#8221; button_one_border_color__hover_enabled=&#8221;off&#8221; button_two_border_color__hover_enabled=&#8221;off&#8221; button_border_radius__hover_enabled=&#8221;off&#8221; button_one_border_radius__hover_enabled=&#8221;off&#8221; button_two_border_radius__hover_enabled=&#8221;off&#8221; button_letter_spacing__hover_enabled=&#8221;off&#8221; button_one_letter_spacing__hover_enabled=&#8221;off&#8221; button_two_letter_spacing__hover_enabled=&#8221;off&#8221; button_bg_color__hover_enabled=&#8221;off&#8221; button_one_bg_color__hover_enabled=&#8221;off&#8221; button_two_bg_color__hover_enabled=&#8221;off&#8221;][\/et_pb_contact_field][et_pb_contact_field field_id=&#8221;Message&#8221; field_title=&#8221;\u00dczenet&#8221; field_type=&#8221;text&#8221; fullwidth_field=&#8221;on&#8221; _builder_version=&#8221;4.16&#8243; global_colors_info=&#8221;{}&#8221; button_text_size__hover_enabled=&#8221;off&#8221; button_one_text_size__hover_enabled=&#8221;off&#8221; button_two_text_size__hover_enabled=&#8221;off&#8221; button_text_color__hover_enabled=&#8221;off&#8221; button_one_text_color__hover_enabled=&#8221;off&#8221; button_two_text_color__hover_enabled=&#8221;off&#8221; button_border_width__hover_enabled=&#8221;off&#8221; button_one_border_width__hover_enabled=&#8221;off&#8221; button_two_border_width__hover_enabled=&#8221;off&#8221; button_border_color__hover_enabled=&#8221;off&#8221; button_one_border_color__hover_enabled=&#8221;off&#8221; button_two_border_color__hover_enabled=&#8221;off&#8221; button_border_radius__hover_enabled=&#8221;off&#8221; button_one_border_radius__hover_enabled=&#8221;off&#8221; button_two_border_radius__hover_enabled=&#8221;off&#8221; button_letter_spacing__hover_enabled=&#8221;off&#8221; button_one_letter_spacing__hover_enabled=&#8221;off&#8221; button_two_letter_spacing__hover_enabled=&#8221;off&#8221; button_bg_color__hover_enabled=&#8221;off&#8221; button_one_bg_color__hover_enabled=&#8221;off&#8221; button_two_bg_color__hover_enabled=&#8221;off&#8221;][\/et_pb_contact_field][et_pb_contact_field field_id=&#8221;gdpr&#8221; field_title=&#8221; &#8221; field_type=&#8221;checkbox&#8221; checkbox_options=&#8221;%91{%22value%22:%22 Elolvastam \u00e9s elfogadom az %22,%22checked%22:0,%22dragID%22:-1,%22link_url%22:%22\/adatkezeles\/%22,%22link_text%22:%22Adatv\u00e9delmi felt\u00e9teleket.%22}%93&#8243; fullwidth_field=&#8221;on&#8221; _builder_version=&#8221;4.25.1&#8243; _module_preset=&#8221;default&#8221; form_field_background_color=&#8221;#FFFFFF&#8221; link_option_url=&#8221;\/adatkezeles\/&#8221; global_colors_info=&#8221;{}&#8221;][\/et_pb_contact_field][\/et_pb_contact_form][\/et_pb_column][\/et_pb_row][\/et_pb_section][et_pb_section fb_built=&#8221;1&#8243; _builder_version=&#8221;4.23.1&#8243; _module_preset=&#8221;default&#8221; background_color=&#8221;#090a14&#8243; global_colors_info=&#8221;{}&#8221;][et_pb_row _builder_version=&#8221;4.23.1&#8243; _module_preset=&#8221;default&#8221; global_colors_info=&#8221;{}&#8221;][et_pb_column type=&#8221;4_4&#8243; _builder_version=&#8221;4.23.1&#8243; _module_preset=&#8221;default&#8221; global_colors_info=&#8221;{}&#8221;][et_pb_blurb title=&#8221;Gyors \u00e9s egyszer\u0171 id\u0151pontfoglal\u00e1s&#8221; image_icon_width=&#8221;54px&#8221; content_max_width=&#8221;100%&#8221; _builder_version=&#8221;4.23.1&#8243; _module_preset=&#8221;default&#8221; header_level=&#8221;h2&#8243; header_font=&#8221;Oswald||||||||&#8221; header_text_align=&#8221;center&#8221; header_text_color=&#8221;#ff7a21&#8243; body_font=&#8221;Roboto Condensed||||||||&#8221; body_text_color=&#8221;#FFFFFF&#8221; body_font_size=&#8221;16px&#8221; body_line_height=&#8221;1.6em&#8221; global_colors_info=&#8221;{}&#8221;]<\/p>\n<p>Eg\u00e9sz \u00e9vben, a h\u00e9t minden napj\u00e1n v\u00e1rjuk v\u00e1llalkoz\u00f3 szellem\u0171 csapatok \u00e9s egy\u00e9nek megkeres\u00e9s\u00e9t. Mivel l\u0151ter\u00fcnk forgalma jelent\u0151s, ez\u00e9rt mindenkinek azt tan\u00e1csoljuk, el\u0151re foglaljon id\u0151pontot, legyen sz\u00f3 \u201eregul\u00e1ris\u201d \u00e9lm\u00e9nyl\u00f6v\u00e9szetr\u0151l, vagy b\u00e1rmilyen egyedi k\u00edv\u00e1ns\u00e1gr\u00f3l. \u00c9lm\u00e9nyl\u00f6v\u00e9szetre id\u0151pont a leggyorsabban \u00e9s legegyszer\u0171bben weboldalunkon kereszt\u00fcl foglalhat\u00f3 itt.<\/p>\n<p>Egy\u00e9ni ig\u00e9nyek, pl. c\u00e9ges csapat\u00e9p\u00edt\u0151k, leg\u00e9ny- \u00e9s le\u00e1nyb\u00facs\u00fak, bar\u00e1ti vagy csal\u00e1di \u00f6sszej\u00f6vetelek eset\u00e9n k\u00e9rj\u00fck, hogy e-mailt k\u00fcldj, vagy h\u00edvj benn\u00fcnket a r\u00e9szletek tiszt\u00e1z\u00e1sa, \u00e9s egy szem\u00e9lyre szabott aj\u00e1nlat elk\u00e9sz\u00edt\u00e9se \u00e9rdek\u00e9ben! Koll\u00e9g\u00e1ink r\u00f6vid id\u0151n bel\u00fcl kapcsolatba l\u00e9pnek veled megadott el\u00e9rhet\u0151s\u00e9geid valamelyik\u00e9n, \u00e9s sz\u00edvesen adnak ig\u00e9nyeidnek megfelel\u0151 b\u0151vebb t\u00e1j\u00e9koztat\u00e1st, vagy konkr\u00e9t aj\u00e1nlatot.<\/p>\n<p>[\/et_pb_blurb][et_pb_button button_url=&#8221;https:\/\/booking.budapestshooting.eu\/&#8221; button_text=&#8221;Foglal\u00e1s&#8221; button_alignment=&#8221;center&#8221; _builder_version=&#8221;4.23.1&#8243; _module_preset=&#8221;default&#8221; custom_button=&#8221;on&#8221; button_text_color=&#8221;#FFFFFF&#8221; button_bg_color=&#8221;#E03E22&#8243; button_border_width=&#8221;2px&#8221; button_border_color=&#8221;#727489&#8243; button_border_radius=&#8221;10px&#8221; button_font=&#8221;Oswald|||on|||||&#8221; button_icon=&#8221;&#xf274;||fa||400&#8243; button_icon_color=&#8221;#FFFFFF&#8221; button_icon_placement=&#8221;left&#8221; button_on_hover=&#8221;off&#8221; custom_padding=&#8221;0px||0px||false|false&#8221; global_module=&#8221;73237&#8243; locked=&#8221;off&#8221; global_colors_info=&#8221;{}&#8221;][\/et_pb_button][\/et_pb_column][\/et_pb_row][\/et_pb_section]<\/p>\n","protected":false},"excerpt":{"rendered":"<p><div class=\"et_pb_module dipl_double_color_heading dipl_double_color_heading_0 \">\n\t\t\t\t\n\t\t\t\t\n\t\t\t\t\n\t\t\t\t\n\t\t\t\t\n\t\t\t\t\n\t\t\t\t<div class=\"et_pb_module_inner\">\n\t\t\t\t\t<div class=\"dipl_text_wrapper\"><h1><span class=\"dipl_text_stack dipl_main_text_stack\"><span class=\"dipl_main_text\">Kapcsolat<\/span><\/span><\/h1><\/div>\n\t\t\t\t<\/div>\n\t\t\t<\/div>+36 30 712 32 59H-CS: 12:30 \u2013 20.00P-V: 10:00 \u2013 20:00info@budapestshooting.eu1065 Budapest Nagymez\u0151 u. 37-39Itt minden sz\u00fcks\u00e9ges \u00e9s aktu\u00e1lis inform\u00e1ci\u00f3t megtal\u00e1lsz r\u00f3lunk. C\u00e9gn\u00e9v: Reload Shooting Korl\u00e1tolt Felel\u0151ss\u00e9g\u0171 T\u00e1rsas\u00e1g Enged\u00e9lysz\u00e1m: 01000-821\/55529-24\/2018.F Telephely: 1065 Budapest, nagymez\u0151 utca 37-39. fsz. 9. [&hellip;]<\/p>\n","protected":false},"author":1,"featured_media":0,"parent":0,"menu_order":0,"comment_status":"closed","ping_status":"closed","template":"","meta":{"_acf_changed":false,"_et_pb_use_builder":"on","_et_pb_old_content":"<!-- wp:divi\/placeholder \/-->","_et_gb_content_width":"","footnotes":""},"class_list":["post-71679","page","type-page","status-publish","hentry"],"acf":[],"_links":{"self":[{"href":"https:\/\/budapestshooting.eu\/en\/wp-json\/wp\/v2\/pages\/71679","targetHints":{"allow":["GET"]}}],"collection":[{"href":"https:\/\/budapestshooting.eu\/en\/wp-json\/wp\/v2\/pages"}],"about":[{"href":"https:\/\/budapestshooting.eu\/en\/wp-json\/wp\/v2\/types\/page"}],"author":[{"embeddable":true,"href":"https:\/\/budapestshooting.eu\/en\/wp-json\/wp\/v2\/users\/1"}],"replies":[{"embeddable":true,"href":"https:\/\/budapestshooting.eu\/en\/wp-json\/wp\/v2\/comments?post=71679"}],"version-history":[{"count":18,"href":"https:\/\/budapestshooting.eu\/en\/wp-json\/wp\/v2\/pages\/71679\/revisions"}],"predecessor-version":[{"id":75160,"href":"https:\/\/budapestshooting.eu\/en\/wp-json\/wp\/v2\/pages\/71679\/revisions\/75160"}],"wp:attachment":[{"href":"https:\/\/budapestshooting.eu\/en\/wp-json\/wp\/v2\/media?parent=71679"}],"curies":[{"name":"wp","href":"https:\/\/api.w.org\/{rel}","templated":true}]}}