{"id":72266,"date":"2024-01-08T15:20:00","date_gmt":"2024-01-08T14:20:00","guid":{"rendered":"https:\/\/budapestshooting.eu\/?page_id=72266"},"modified":"2024-02-23T16:24:43","modified_gmt":"2024-02-23T15:24:43","slug":"souvenir-shop","status":"publish","type":"page","link":"https:\/\/budapestshooting.eu\/en\/souvenir-shop\/","title":{"rendered":"Souvenir shop"},"content":{"rendered":"<p>[et_pb_section fb_built=&#8221;1&#8243; _builder_version=&#8221;4.23.1&#8243; _module_preset=&#8221;default&#8221; background_color=&#8221;#090a14&#8243; use_background_color_gradient=&#8221;on&#8221; background_color_gradient_stops=&#8221;rgba(0,0,0,0) 0%|#0d0e1b 100%&#8221; background_color_gradient_overlays_image=&#8221;on&#8221; background_image=&#8221;https:\/\/budapestshooting.eu\/wp-content\/uploads\/2024\/01\/souvenir-banner.webp&#8221; global_colors_info=&#8221;{}&#8221;][et_pb_row _builder_version=&#8221;4.23.1&#8243; _module_preset=&#8221;default&#8221; global_colors_info=&#8221;{}&#8221;][et_pb_column type=&#8221;4_4&#8243; _builder_version=&#8221;4.23.1&#8243; _module_preset=&#8221;default&#8221; global_colors_info=&#8221;{}&#8221;][dipl_double_color_heading heading_pre_part=&#8221;Budapest&#8221; heading_main_part=&#8221;LEGEGYEDIBB&#8221; heading_post_part=&#8221;SOUVENIR SHOP-JA&#8221; display_in_stack=&#8221;on&#8221; _builder_version=&#8221;4.23.1&#8243; _module_preset=&#8221;default&#8221; global_heading_settings_level=&#8221;h1&#8243; global_heading_settings_text_align=&#8221;center&#8221; pre_header_font=&#8221;Hypothetical|500||on|||||&#8221; pre_header_text_color=&#8221;#ffffff&#8221; pre_header_font_size=&#8221;60px&#8221; pre_header_letter_spacing=&#8221;3.4px&#8221; pre_header_line_height=&#8221;1.2em&#8221; main_header_font=&#8221;Hypothetical|500||on|||||&#8221; main_header_text_color=&#8221;#ff7a21&#8243; main_header_font_size=&#8221;78px&#8221; main_header_letter_spacing=&#8221;3.2px&#8221; post_header_font=&#8221;Hypothetical|500|||||||&#8221; post_header_text_color=&#8221;#FFFFFF&#8221; post_header_font_size=&#8221;60px&#8221; post_header_letter_spacing=&#8221;3.4px&#8221; post_header_line_height=&#8221;1.2em&#8221; pre_header_font_size_tablet=&#8221;60px&#8221; pre_header_font_size_phone=&#8221;38px&#8221; pre_header_font_size_last_edited=&#8221;on|phone&#8221; main_header_font_size_tablet=&#8221;78px&#8221; main_header_font_size_phone=&#8221;46px&#8221; main_header_font_size_last_edited=&#8221;on|phone&#8221; post_header_font_size_tablet=&#8221;60px&#8221; post_header_font_size_phone=&#8221;38px&#8221; post_header_font_size_last_edited=&#8221;on|phone&#8221; global_colors_info=&#8221;{}&#8221;][\/dipl_double_color_heading][et_pb_divider color=&#8221;#ff7a21&#8243; divider_weight=&#8221;4px&#8221; _builder_version=&#8221;4.23.1&#8243; _module_preset=&#8221;default&#8221; width=&#8221;80px&#8221; module_alignment=&#8221;center&#8221; global_colors_info=&#8221;{}&#8221;][\/et_pb_divider][\/et_pb_column][\/et_pb_row][\/et_pb_section][et_pb_section fb_built=&#8221;1&#8243; _builder_version=&#8221;4.23.1&#8243; _module_preset=&#8221;default&#8221; background_color=&#8221;#090a14&#8243; global_colors_info=&#8221;{}&#8221;][et_pb_row _builder_version=&#8221;4.23.1&#8243; _module_preset=&#8221;default&#8221; global_colors_info=&#8221;{}&#8221;][et_pb_column type=&#8221;4_4&#8243; _builder_version=&#8221;4.23.1&#8243; _module_preset=&#8221;default&#8221; global_colors_info=&#8221;{}&#8221;][et_pb_text _builder_version=&#8221;4.23.1&#8243; _module_preset=&#8221;default&#8221; text_font=&#8221;Roboto Condensed||||||||&#8221; text_text_color=&#8221;#FFFFFF&#8221; text_font_size=&#8221;16px&#8221; text_line_height=&#8221;1.6em&#8221; global_colors_info=&#8221;{}&#8221;]<\/p>\n<p><span>Az \u00e9lm\u00e9nyt k\u00f6vet\u0151en m\u00e1r csak egy aj\u00e1nd\u00e9kt\u00e1rgy hi\u00e1nyzik, most megtal\u00e1lhatod amit kerest\u00e9l. K\u00fcl\u00f6nleges nagy m\u00e9ret\u0171 poszterek azokr\u00f3l a fegyverekr\u0151l amikkel l\u0151tt\u00e9l, \u00e1ltalunk tervezett p\u00f3l\u00f3k amiket munkaid\u0151 ut\u00e1n mi is hordunk. <\/span><b>Amelyik tetszik, azt megtal\u00e1lod a l\u0151t\u00e9ren \u00e9s meg is v\u00e1s\u00e1rolhatod. <\/b><span>J\u00f3 v\u00e1logat\u00e1st k\u00edv\u00e1nunk \u00e9s ne feledd, ha k\u00e9rd\u00e9sed van keress minket bizalommal.<\/span><\/p>\n<p>[\/et_pb_text][et_pb_divider divider_weight=&#8221;4px&#8221; _builder_version=&#8221;4.23.1&#8243; _module_preset=&#8221;default&#8221; width=&#8221;50px&#8221; module_alignment=&#8221;center&#8221; hover_enabled=&#8221;0&#8243; global_colors_info=&#8221;{}&#8221; color=&#8221;#ff7a21&#8243; sticky_enabled=&#8221;0&#8243;][\/et_pb_divider][\/et_pb_column][\/et_pb_row][\/et_pb_section][et_pb_section fb_built=&#8221;1&#8243; _builder_version=&#8221;4.23.1&#8243; _module_preset=&#8221;default&#8221; background_color=&#8221;#0d0e1b&#8221; custom_padding=&#8221;0px||0px||false|false&#8221; global_colors_info=&#8221;{}&#8221;][et_pb_row _builder_version=&#8221;4.23.1&#8243; _module_preset=&#8221;default&#8221; global_colors_info=&#8221;{}&#8221;][et_pb_column type=&#8221;4_4&#8243; _builder_version=&#8221;4.23.1&#8243; _module_preset=&#8221;default&#8221; global_colors_info=&#8221;{}&#8221;][et_pb_de_mach_archive_loop post_type_choose=&#8221;ajandek&#8221; loop_layout=&#8221;72306&#8243; posts_number=&#8221;15&#8243; columns=&#8221;3&#8243; _builder_version=&#8221;4.23.1&#8243; _module_preset=&#8221;default&#8221; global_colors_info=&#8221;{}&#8221;][\/et_pb_de_mach_archive_loop][\/et_pb_column][\/et_pb_row][\/et_pb_section]<\/p>\n","protected":false},"excerpt":{"rendered":"<p><div class=\"et_pb_module dipl_double_color_heading dipl_double_color_heading_0 \">\n\t\t\t\t\n\t\t\t\t\n\t\t\t\t\n\t\t\t\t\n\t\t\t\t\n\t\t\t\t\n\t\t\t\t<div class=\"et_pb_module_inner\">\n\t\t\t\t\t<div class=\"dipl_text_wrapper\"><h1><span class=\"dipl_text_stack dipl_pre_text_stack\"><span class=\"dipl_pre_text\">Budapest<\/span><\/span><span class=\"dipl_text_stack dipl_main_text_stack\"><span class=\"dipl_main_text\">LEGEGYEDIBB<\/span><\/span><span class=\"dipl_text_stack dipl_post_text_stack\"><span class=\"dipl_post_text\">SOUVENIR SHOP-JA<\/span><\/span><\/h1><\/div>\n\t\t\t\t<\/div>\n\t\t\t<\/div>Az \u00e9lm\u00e9nyt k\u00f6vet\u0151en m\u00e1r csak egy aj\u00e1nd\u00e9kt\u00e1rgy hi\u00e1nyzik, most megtal\u00e1lhatod amit kerest\u00e9l. K\u00fcl\u00f6nleges nagy m\u00e9ret\u0171 poszterek azokr\u00f3l a fegyverekr\u0151l amikkel l\u0151tt\u00e9l, \u00e1ltalunk [&hellip;]<\/p>\n","protected":false},"author":1,"featured_media":0,"parent":0,"menu_order":0,"comment_status":"closed","ping_status":"closed","template":"","meta":{"_acf_changed":false,"_et_pb_use_builder":"on","_et_pb_old_content":"<!-- wp:divi\/placeholder \/-->","_et_gb_content_width":"","footnotes":""},"class_list":["post-72266","page","type-page","status-publish","hentry"],"acf":[],"_links":{"self":[{"href":"https:\/\/budapestshooting.eu\/en\/wp-json\/wp\/v2\/pages\/72266","targetHints":{"allow":["GET"]}}],"collection":[{"href":"https:\/\/budapestshooting.eu\/en\/wp-json\/wp\/v2\/pages"}],"about":[{"href":"https:\/\/budapestshooting.eu\/en\/wp-json\/wp\/v2\/types\/page"}],"author":[{"embeddable":true,"href":"https:\/\/budapestshooting.eu\/en\/wp-json\/wp\/v2\/users\/1"}],"replies":[{"embeddable":true,"href":"https:\/\/budapestshooting.eu\/en\/wp-json\/wp\/v2\/comments?post=72266"}],"version-history":[{"count":28,"href":"https:\/\/budapestshooting.eu\/en\/wp-json\/wp\/v2\/pages\/72266\/revisions"}],"predecessor-version":[{"id":73836,"href":"https:\/\/budapestshooting.eu\/en\/wp-json\/wp\/v2\/pages\/72266\/revisions\/73836"}],"wp:attachment":[{"href":"https:\/\/budapestshooting.eu\/en\/wp-json\/wp\/v2\/media?parent=72266"}],"curies":[{"name":"wp","href":"https:\/\/api.w.org\/{rel}","templated":true}]}}