{"id":72344,"date":"2024-01-08T16:24:07","date_gmt":"2024-01-08T15:24:07","guid":{"rendered":"https:\/\/budapestshooting.eu\/?page_id=72344"},"modified":"2024-06-07T14:52:09","modified_gmt":"2024-06-07T12:52:09","slug":"general-terms-and-conditions","status":"publish","type":"page","link":"https:\/\/budapestshooting.eu\/en\/aszf\/","title":{"rendered":"General terms and conditions"},"content":{"rendered":"\n[et_pb_section fb_built=&#8221;1&#8243; _builder_version=&#8221;4.23.1&#8243; _module_preset=&#8221;default&#8221; background_color=&#8221;#0D0E1B&#8221; global_colors_info=&#8221;{}&#8221;][et_pb_row _builder_version=&#8221;4.23.1&#8243; _module_preset=&#8221;default&#8221; global_colors_info=&#8221;{}&#8221;][et_pb_column type=&#8221;4_4&#8243; _builder_version=&#8221;4.23.1&#8243; _module_preset=&#8221;default&#8221; global_colors_info=&#8221;{}&#8221;][et_pb_blurb title=&#8221;\u00c1LTAL\u00c1NOS SZERZ\u0150D\u00c9SI FELT\u00c9TELEK&#8221; content_max_width=&#8221;100%&#8221; _builder_version=&#8221;4.23.1&#8243; _module_preset=&#8221;default&#8221; header_level=&#8221;h1&#8243; header_font=&#8221;Oswald||||||||&#8221; header_text_color=&#8221;#F96310&#8243; header_line_height=&#8221;1.6em&#8221; global_colors_info=&#8221;{}&#8221;][\/et_pb_blurb][et_pb_text _builder_version=&#8221;4.24.2&#8243; _module_preset=&#8221;default&#8221; text_font=&#8221;Roboto Condensed||||||||&#8221; text_font_size=&#8221;16px&#8221; header_2_text_color=&#8221;#F96310&#8243; header_3_text_color=&#8221;#F96310&#8243; background_layout=&#8221;dark&#8221; hover_enabled=&#8221;0&#8243; global_colors_info=&#8221;{}&#8221; sticky_enabled=&#8221;0&#8243;]<div class=\"elementor-element elementor-element-1671fb1 elementor-widget elementor-widget-heading\" data-id=\"1671fb1\" data-element_type=\"widget\" data-widget_type=\"heading.default\"><\/div>\n<div class=\"elementor-element elementor-element-1671fb1 elementor-widget elementor-widget-heading\" data-id=\"1671fb1\" data-element_type=\"widget\" data-widget_type=\"heading.default\">\n<div class=\"elementor-widget-container\">\n<p class=\"elementor-heading-title elementor-size-default\"><span style=\"font-size: 16px;\">A Budapest Shooting valamennyi \u00e9lm\u00e9nyl\u00f6v\u00e9szet programj\u00e1n val\u00f3 r\u00e9szv\u00e9telhez, valamint r\u00e9szv\u00e9teli id\u0151pont foglal\u00e1s\u00e1hoz az al\u00e1bbi pontok elfogad\u00e1sa sz\u00fcks\u00e9ges.<\/span><\/p>\n<p class=\"elementor-heading-title elementor-size-default\"><span style=\"font-size: 16px;\"><\/span><\/p>\n\n<\/div>\n<\/div>\n<div class=\"elementor-element elementor-element-453ce6a elementor-widget elementor-widget-text-editor\" data-id=\"453ce6a\" data-element_type=\"widget\" data-widget_type=\"text-editor.default\">\n<div class=\"elementor-widget-container\">\n<h3>1.) \u00c1ltal\u00e1nos<\/h3>\nA foglal\u00e1ssal vend\u00e9geink automatikusan elfogadj\u00e1k\u00a0\u00c1ltal\u00e1nos Szerz\u0151d\u00e9si Felt\u00e9teleinket. Amennyiben valaki m\u00e1sok sz\u00e1m\u00e1ra vagy nev\u00e9ben (is) foglal, a\u00a0t\u00f6bbi r\u00e9sztvev\u0151 t\u00e1j\u00e9koztat\u00e1sa\u00a0ezen felt\u00e9telekr\u0151l a foglal\u00f3\u00a0szem\u00e9ly felel\u0151ss\u00e9ge. Foglal\u00e1shoz k\u00e9rj\u00fck, k\u00fcldd el sz\u00e1munkra a foglal\u00e1si lapunkon is szerepl\u0151 adatokat: r\u00e9sztvev\u0151k sz\u00e1ma, kiv\u00e1lasztott csomag(ok), id\u0151pont, a foglal\u00f3 szem\u00e9ly kapcsolattart\u00e1si adatai (email, telefonsz\u00e1m).\u00a0A foglal\u00e1sok csak az \u00e1ltalunk \u00edr\u00e1sban (email) visszaigazolt meger\u0151s\u00edt\u00e9st k\u00f6vet\u0151en v\u00e1lnak v\u00e9glegess\u00e9!\n<h3>2.) Foglal\u00e1s<\/h3>\n2.1\u00a0Foglal\u00e1skor k\u00f6telez\u0151 a val\u00f3s szem\u00e9lyes adatokat megadni.\n\n2.2\u00a0A foglal\u00e1sok \u00edr\u00e1sban, az \u00e9rv\u00e9nyes foglal\u00e1sban v\u00e9gleges\u00edtett esem\u00e9ny megkezd\u00e9se el\u0151tt legk\u00e9s\u0151bb 72 \u00f3r\u00e1val szabadon m\u00f3dos\u00edthat\u00f3ak vagy lemondhat\u00f3ak, email k\u00fcld\u00e9s\u00e9vel az info@budapestshooting.eu\u00a0c\u00edmre.\u00a0Az eredeti foglal\u00e1shoz hasonl\u00f3an, a m\u00f3dos\u00edt\u00e1sok vagy lemond\u00e1sok sem \u00e9rv\u00e9nyesek \u00edr\u00e1sbeli (email) visszaigazol\u00e1sunk kik\u00fcld\u00e9s\u00e9ig!\n\n2.3\u00a0A m\u00f3dos\u00edt\u00e1sok egyar\u00e1nt vonatkozhatnak a r\u00e9sztvev\u0151k sz\u00e1m\u00e1ra, a kiv\u00e1lasztott \u00e9lm\u00e9nyl\u00f6v\u00e9sz csomagokra, vagy az esem\u00e9ny id\u0151pontj\u00e1ra.\n\n2.4\u00a0Az eredetileg lefoglalt program megkezd\u00e9s\u00e9t\u0151l sz\u00e1m\u00edtott 72 \u00f3r\u00e1n bel\u00fcli m\u00f3dos\u00edt\u00e1sokat nem \u00e1ll m\u00f3dunkban garant\u00e1lni, \u00e9s fenntartjuk a\u00a0jogot, hogy ilyen esetekben az eredeti program szerint haladjunk tov\u00e1bb.\n\n2.5\u00a0Az eredetileg lefoglalt program megkezd\u00e9s\u00e9t\u0151l sz\u00e1m\u00edtott 72 \u00f3r\u00e1n bel\u00fcli lemond\u00e1s vagy meg nem jelen\u00e9s eset\u00e9n a foglal\u00f3 nem t\u00e9r\u00edthet\u0151 vissza, \u00e9s azt minden esetben visszatartjuk, t\u00f6rl\u00e9si d\u00edj jogc\u00edm\u00e9n.\n\n2.6\u00a015\u00a0percet\u00a0meghalad\u00f3 k\u00e9s\u00e9s eset\u00e9n a program automatikusan t\u00f6rl\u00e9sre\u00a0ker\u00fcl, \u00e9s a foglal\u00f3t t\u00f6rl\u00e9si jog c\u00edm\u00e9n minden esetben visszatartjuk.\n\n2.7\u00a0A foglal\u00e1si azonos\u00edt\u00f3t vagy nevet a helysz\u00ednen elk\u00e9rhetj\u00fck.\n\n2.8\u00a0A Budapest Shooting fenntartja a jogot a fegyverek el\u00e9rhet\u0151s\u00e9g\u00e9nek m\u00f3dos\u00edt\u00e1s\u00e1ra karbantart\u00e1s, v\u00e1ltoztat\u00e1s miatt. A foglalt id\u0151pontokat \u00e9s csomagban szerepl\u0151 nem el\u00e9rhet\u0151 fegyvereket el\u0151zetes t\u00e1j\u00e9koztat\u00e1s ut\u00e1n visszamondhatja, vagy cser\u00e9t javasolhat.\n\n2.9\u00a0Ezen felt\u00e9telek automatikusan elfogad\u00e1sra ker\u00fclnek akkor is, ha a foglal\u00e1s telefonon, vagy a helysz\u00ednen t\u00f6rt\u00e9nik.\n<h3>3.) \u00c1rak \u00e9s fizet\u00e9s<\/h3>\n3.1\u00a0Az \u00e9lm\u00e9nyl\u00f6v\u00e9szet \u00e1ra a Budapest Shooting weboldal\u00e1n olvashat\u00f3, r\u00e9sztvev\u0151 szem\u00e9lyenk\u00e9nt \u00e9rtend\u0151.\n\n3.2\u00a0Foglalni a Budapest Shooting weboldal\u00e1n kereszt\u00fcl, vagy a helysz\u00ednen lehet.\n\n3.3\u00a0El\u0151leg fizet\u00e9s ut\u00e1n a fennmarad\u00f3 \u00f6sszeget a j\u00e1t\u00e9k megkezd\u00e9se el\u0151tt, a helysz\u00ednen kell fizetni.\n\n3.4 Helysz\u00edni, szem\u00e9lyes foglal\u00e1s eset\u00e9n teljes \u00e1rat k\u00e9r\u00fcnk, mely fizethet\u0151 k\u00e9szp\u00e9nzben, bankk\u00e1rty\u00e1val, vagy SZ\u00c9P k\u00e1rty\u00e1val. Online el\u0151foglal\u00e1s eset\u00e9n a l\u00f6v\u00e9szetvezet\u0151i d\u00edjjal (ennek m\u00e9rt\u00e9ke csomagonk\u00e9nt 5.400,- Ft [15 \u20ac]) meg nem terhelt \u00f6sszeg fizetend\u0151 &#8211; kiz\u00e1r\u00f3lag bankk\u00e1rty\u00e1val. A fennmarad\u00f3 d\u00edjat (standard csomagonk\u00e9nt 5.400,- Ft.) a l\u00f6v\u00e9szet megkezd\u00e9se el\u0151tt kell a helysz\u00ednen fizetni KIZ\u00c1R\u00d3LAG K\u00c9SZP\u00c9NZBEN.\nAz esem\u00e9ny megkezd\u00e9se el\u0151tt legk\u00e9s\u0151bb 72 \u00f3r\u00e1val t\u00f6rt\u00e9n\u0151 lemond\u00e1s eset\u00e9n sem az el\u0151leg, sem a csomag teljes \u00f6sszege nem t\u00e9r\u00edthet\u0151 vissza.\nA csomag \u00f6sszeg\u00e9r\u0151l voucher ig\u00e9nyelhet\u0151, amely 1 \u00e9ven bel\u00fcl felhaszn\u00e1lhat\u00f3 \u00e9s \u00e1truh\u00e1zhat\u00f3. K\u00e1rty\u00e1dat a foglal\u00e1s v\u00e9gleges\u00edt\u00e9s\u00e9ig \u00e9s az \u00edr\u00e1sbeli (email) visszaigazol\u00e1s\u00e1ig nem terhelj\u00fck meg, de a foglal\u00e1s v\u00e9gleges\u00edt\u00e9se ezen foglal\u00f3 el\u0151zetes megfizet\u00e9se n\u00e9lk\u00fcl nem lehets\u00e9ges. VISA \u00e9s MasterCard k\u00e1rty\u00e1kat egyar\u00e1nt elfogadunk. K\u00e1rty\u00e1s fizet\u00e9s eset\u00e9n az \u00f6sszegeket forintban vonjuk le, az aktu\u00e1lis banki HUF-EUR \u00e1rfolyamnak megfelel\u0151en.\n\n3.5\u00a0\u00c1raink\u00a0fixek, szem\u00e9lyenk\u00e9nt \u00e9s csomagonk\u00e9nt \u00e9rtend\u0151ek, valamint tartalmazz\u00e1k a 27% magyar \u00c1FA-t, \u00e9s minden, a l\u00f6v\u00e9szettel kapcsolatos k\u00f6lts\u00e9get, ide\u00e9ertve, de\u00a0nem kiz\u00e1r\u00f3lagosan: a biztons\u00e1gi felszerel\u00e9st (szem- \u00e9s hall\u00e1sv\u00e9d\u0151), a l\u0151t\u00e9r-, felszerel\u00e9s- \u00e9s fegyverb\u00e9rl\u00e9st, a k\u00f6telez\u0151 alap biztons\u00e1gi oktat\u00e1st, a l\u0151szert, a c\u00e9lokat \u00e9s a folyamatos l\u00f6v\u00e9szetvezet\u0151i fel\u00fcgyeletet.\n\n3.6\u00a0Garant\u00e1ljuk, hogy \u00e1raink az \u00edr\u00e1sbeli visszaigazol\u00e1sunkat k\u00f6vet\u0151en nem v\u00e1ltoznak, \u00e9s hogy rejtett k\u00f6lts\u00e9gek nem mer\u00fclnek fel a visszaigazolt \u00e9lm\u00e9nyl\u00f6v\u00e9sz csomagokkal kapcsolatban. A v\u00e9gleges\u00edtett foglal\u00e1sokt\u00f3l elt\u00e9r\u0151 extra k\u00edv\u00e1ns\u00e1gok a helysz\u00ednen fizetend\u0151ek, \u00e9s el\u00e9rhet\u0151s\u00e9g\u00fck kapacit\u00e1s, biztons\u00e1gi megfontol\u00e1sok \u00e9s egy\u00e9b t\u00e9nyez\u0151k f\u00fcggv\u00e9nye.\n<h3>4.) Biztons\u00e1g<\/h3>\n4.1\u00a0A Budapest Shooting \u00e9lm\u00e9nyl\u00f6v\u00e9szet programot mindenki a saj\u00e1t felel\u0151ss\u00e9g\u00e9re veszi ig\u00e9nybe.\n\n4.2\u00a0A helysz\u00ednen szerzett s\u00e9r\u00fcl\u00e9sek\u00e9rt a Budapest Shooting felel\u0151ss\u00e9get nem v\u00e1llal.\n\n4.3\u00a0A csoport minden tagja k\u00f6teles a h\u00e1zirendet elfogadni, az alkalmazottakkal egy\u00fcttm\u0171k\u00f6dni \u00e9s j\u00f3zan, felel\u0151s magatart\u00e1st gyakorolni.\n\n4.4\u00a0A sz\u00e1nd\u00e9kos, vagy nem rendeltet\u00e9sszer\u0171 haszn\u00e1latb\u00f3l ad\u00f3d\u00f3, a helysz\u00ednben vagy t\u00e1rgyakban okozott s\u00e9r\u00fcl\u00e9seket a Budapest Shooting alkalmazottai a helysz\u00ednen kifizettethetik.\n\n4.5\u00a0Alkohol vagy k\u00e1b\u00edt\u00f3szer hat\u00e1sa alatt \u00e1ll\u00f3, vagy nem megfelel\u0151 magatart\u00e1st mutat\u00f3 szem\u00e9lyek a j\u00e1t\u00e9kb\u00f3l kiz\u00e1rhat\u00f3k.\n\n4.6\u00a0A teljes ter\u00fcleten tilos a doh\u00e1nyz\u00e1s.\n<h3>5.) \u00c9letkori korl\u00e1toz\u00e1sok<\/h3>\n5.1 Az \u00e9lm\u00e9nyl\u00f6v\u00e9szeten 18. \u00e9let\u00e9v\u00e9t bet\u00f6lt\u00f6tt szem\u00e9ly vehet r\u00e9szt. Kiv\u00e9tel ez al\u00f3l az a 16. \u00e9let\u00e9v\u00e9t bet\u00f6lt\u00f6tt szem\u00e9ly, aki rendelkezik sportegyes\u00fcleti tags\u00e1ggal egy l\u00f6v\u00e9szsport-egyes\u00fcletn\u00e9l, tov\u00e1bb\u00e1 rendelkezik orsz\u00e1gos szak\u00e1gi szaksz\u00f6vets\u00e9g \u00e1ltal kiadott \u00e9rv\u00e9nyes versenyenged\u00e9llyel (egyes\u00fcleti tags\u00e1g \u00e9s versenyenged\u00e9ly megszerz\u00e9s\u00e9nek \u00fcgy\u00e9ben k\u00e9rj\u00fck \u00edrjon emailt az info@budapestshooting.eu c\u00edmre).\n\n5.2 14. \u00e9let\u00e9v\u00fcket m\u00e1r bet\u00f6lt\u00f6tt, de 18. \u00e9let\u00e9v\u00fcket m\u00e9g be\u00a0nem t\u00f6lt\u00f6tt szem\u00e9lyeknek &#8211; a t\u00f6rv\u00e9nyi el\u0151\u00edr\u00e1soknak megfelel\u0151en &#8211; legal\u00e1bb egy sz\u00fcl\u0151, vagy gondvisel\u0151 szem\u00e9lyes jelenl\u00e9te \u00e9s beleegyez\u00e9se k\u00f6telez\u0151, hogy N\u00c9Z\u0150K\u00c9NT r\u00e9szt vehessenek az \u00e9lm\u00e9nyl\u00f6v\u00e9szeten.\n\n5.3 14. \u00e9let\u00e9v\u00fcket be nem t\u00f6lt\u00f6tt szem\u00e9lyek semmilyen form\u00e1ban nem vehetnek r\u00e9szt \u00e9lm\u00e9nyl\u00f6v\u00e9szeten.\n<h3>Aj\u00e1nd\u00e9kutalv\u00e1nyok<\/h3>\nLepd meg csal\u00e1dtagjaid vagy bar\u00e1taid egy \u00e9letresz\u00f3l\u00f3 \u00e9lm\u00e9nnyel, \u00e9s v\u00e1s\u00e1rolj sz\u00e1mukra n\u00e9vre sz\u00f3l\u00f3, el\u0151re kifizetett aj\u00e1nd\u00e9kutalv\u00e1nyt, b\u00e1rmelyik \u00e9lm\u00e9nyl\u00f6v\u00e9sz csomagunkra. Mind\u00f6ssze annyit kell tenned, hogy k\u00fcldesz nek\u00fcnk egy emailt a\u00a0info@budapestshooting.eu\u00a0c\u00edmre, a megfelel\u0151 r\u00e9szletekkel (a megaj\u00e1nd\u00e9kozott neve, valamint a kiv\u00e1lasztott csomag(ok) neve \u00e9s sz\u00e1ma). Az aj\u00e1nd\u00e9kutalv\u00e1nyokat el\u0151re kell fizetni, banki \u00e1tutal\u00e1ssal, forintban vagy eur\u00f3ban. Az \u00f6sszeg be\u00e9rkez\u00e9se ut\u00e1n emailben, nyomtathat\u00f3 form\u00e1tumban k\u00fcldj\u00fck el neked az aj\u00e1nd\u00e9kutalv\u00e1nyokat, melyek n\u00e9vre sz\u00f3l\u00f3ak, nem visszat\u00e9r\u00edthet\u0151ek, \u00e9s a ki\u00e1ll\u00edt\u00e1s d\u00e1tum\u00e1t\u00f3l sz\u00e1m\u00edtott egy napt\u00e1ri \u00e9ven bel\u00fcl \u00e9rv\u00e9nyesek.\n<h3>Jogi nyilatkozat<\/h3>\nJogszab\u00e1lyi k\u00f6vetelm\u00e9nyek alapj\u00e1n, minden \u00e9lm\u00e9nyl\u00f6v\u00e9szeten r\u00e9szt venni k\u00edv\u00e1n\u00f3 vend\u00e9g\u00fcnknek\u00a0al\u00e1 kell \u00edrnia a nyilv\u00e1ntart\u00f3 k\u00f6nyvet, amely fontos biztons\u00e1gi \u00e9s jognyilatkozatokat tartalmaz.\n\n<\/div>\n<\/div>[\/et_pb_text][\/et_pb_column][\/et_pb_row][\/et_pb_section]\n","protected":false},"excerpt":{"rendered":"<p>A Budapest Shooting valamennyi \u00e9lm\u00e9nyl\u00f6v\u00e9szet programj\u00e1n val\u00f3 r\u00e9szv\u00e9telhez, valamint r\u00e9szv\u00e9teli id\u0151pont foglal\u00e1s\u00e1hoz az al\u00e1bbi pontok elfogad\u00e1sa sz\u00fcks\u00e9ges. 1.) \u00c1ltal\u00e1nos A foglal\u00e1ssal vend\u00e9geink automatikusan elfogadj\u00e1k\u00a0\u00c1ltal\u00e1nos Szerz\u0151d\u00e9si Felt\u00e9teleinket. Amennyiben valaki m\u00e1sok sz\u00e1m\u00e1ra vagy nev\u00e9ben (is) foglal, a\u00a0t\u00f6bbi r\u00e9sztvev\u0151 t\u00e1j\u00e9koztat\u00e1sa\u00a0ezen felt\u00e9telekr\u0151l a foglal\u00f3\u00a0szem\u00e9ly felel\u0151ss\u00e9ge. Foglal\u00e1shoz k\u00e9rj\u00fck, k\u00fcldd el sz\u00e1munkra a foglal\u00e1si lapunkon is szerepl\u0151 adatokat: r\u00e9sztvev\u0151k sz\u00e1ma, kiv\u00e1lasztott [&hellip;]<\/p>\n","protected":false},"author":1,"featured_media":0,"parent":0,"menu_order":0,"comment_status":"closed","ping_status":"closed","template":"","meta":{"_acf_changed":false,"_et_pb_use_builder":"on","_et_pb_old_content":"","_et_gb_content_width":"","footnotes":""},"class_list":["post-72344","page","type-page","status-publish","hentry"],"acf":[],"_links":{"self":[{"href":"https:\/\/budapestshooting.eu\/en\/wp-json\/wp\/v2\/pages\/72344","targetHints":{"allow":["GET"]}}],"collection":[{"href":"https:\/\/budapestshooting.eu\/en\/wp-json\/wp\/v2\/pages"}],"about":[{"href":"https:\/\/budapestshooting.eu\/en\/wp-json\/wp\/v2\/types\/page"}],"author":[{"embeddable":true,"href":"https:\/\/budapestshooting.eu\/en\/wp-json\/wp\/v2\/users\/1"}],"replies":[{"embeddable":true,"href":"https:\/\/budapestshooting.eu\/en\/wp-json\/wp\/v2\/comments?post=72344"}],"version-history":[{"count":10,"href":"https:\/\/budapestshooting.eu\/en\/wp-json\/wp\/v2\/pages\/72344\/revisions"}],"predecessor-version":[{"id":73971,"href":"https:\/\/budapestshooting.eu\/en\/wp-json\/wp\/v2\/pages\/72344\/revisions\/73971"}],"wp:attachment":[{"href":"https:\/\/budapestshooting.eu\/en\/wp-json\/wp\/v2\/media?parent=72344"}],"curies":[{"name":"wp","href":"https:\/\/api.w.org\/{rel}","templated":true}]}}